{"id":13796,"date":"2019-05-17T11:03:18","date_gmt":"2019-05-17T09:03:18","guid":{"rendered":"https:\/\/cedal.net\/?page_id=13796"},"modified":"2023-03-29T11:26:41","modified_gmt":"2023-03-29T09:26:41","slug":"specialist-appointments","status":"publish","type":"page","link":"https:\/\/cedal.net\/en\/specialist-appointments\/","title":{"rendered":"&#8211; SPECIALIST APPOINTMENTS"},"content":{"rendered":"<div class=\"wpb-content-wrapper\"><p>[vc_row css=&#8221;.vc_custom_1571994499708{margin-top: -25px !important;}&#8221;][vc_column width=&#8221;1\/2&#8243; css=&#8221;.vc_custom_1563274503751{margin-top: -50px !important;}&#8221;][vc_column_text]<\/p>\n<p class=\"p1\"><span style=\"font-size: 14pt;\"><i>Medical Director: \u00a0<\/i><b>Dr. Cristina Bollero <\/b><\/span><\/p>\n<p>[\/vc_column_text][\/vc_column][vc_column width=&#8221;1\/2&#8243; css=&#8221;.vc_custom_1563274770233{margin-top: -50px !important;}&#8221;][vc_column_text]<\/p>\n<p style=\"font-weight: 400;\"><span style=\"font-size: 12pt;\"><strong>Gallarate site:<\/strong> Health authorisation no. 6 of 08\/03\/1995 issued by local health authority (USL) NO. 6, Gallarate<\/span><\/p>\n<p><span style=\"font-weight: 400; font-size: 12pt;\"><strong>Milan site:<\/strong> Health authorisation no. 131 of 22\/06\/1994 issued by local health authority (USL) NO. 75\/11, Milan.<\/span><i><br \/>\n<\/i>[\/vc_column_text][\/vc_column][\/vc_row][vc_row css=&#8221;.vc_custom_1675420847592{border-radius: 1px !important;}&#8221;][vc_column width=&#8221;3\/4&#8243;][vc_column_text]<span lang=\"EN-GB\" style=\"font-size: 14pt;\"><strong>CEDAL Group\u2019s HEALTH CENTRE<\/strong> provides services by doctors with recognised expertise, who work following a multidisciplinary approach, taking a holistic view of the whole person.<\/span>[\/vc_column_text][\/vc_column][vc_column width=&#8221;1\/4&#8243;]<div class='dt-sc-titled-box  blue '><h6 class='dt-sc-titled-box-title' >  information<\/h6><div class='dt-sc-titled-box-content'><p style=\"font-weight: 400;\"><strong><span style=\"font-size: 12pt;\">GALLARATE:\u00a0<\/span><\/strong>\n<strong><span style=\"font-size: 12pt;\">&gt; From Monday to Friday \u00a08.30 a.m. \u2013 6.00 p.m.<\/span><\/strong>\n<strong><span style=\"font-size: 12pt;\">&gt; Saturday \u00a0 8.30 a.m. \u2013 12.00 p.m.<\/span><\/strong><\/p>\n<p style=\"font-weight: 400;\"><strong><span style=\"font-size: 12pt;\">MILANO:\u00a0<\/span><\/strong>\n<strong><span style=\"font-size: 12pt;\">&gt; From Monday to Friday 2.00 p.m. \u2013 6.00 p.m.<\/span><\/strong><\/p><\/div><\/div>[vc_empty_space][\/vc_column][\/vc_row][vc_row full_width=&#8221;stretch_row_content_no_spaces&#8221; css=&#8221;.vc_custom_1563274671854{background: #f0ebd9 url(https:\/\/cedal.net\/wp-content\/uploads\/2019\/07\/pattern-bg-top-4.png?id=10315) !important;}&#8221;][vc_column][vc_empty_space]<div class='dt-sc-toggle-frame-set  container'><h5 class='dt-sc-toggle-accordion '><a href='#'>&#8221;ALLERGOLOGY&#8221;<\/a><\/h5><div class=\"dt-sc-toggle-content\" style=\"display: none;\"><div class=\"block\">[vc_column_text][\/vc_column_text]<\/div><\/div><h5 class='dt-sc-toggle-accordion '><a href='#'>&#8221;ANGIOLOGY&#8221;<\/a><\/h5><div class=\"dt-sc-toggle-content\" style=\"display: none;\"><div class=\"block\">[vc_column_text][\/vc_column_text]<\/div><\/div><h5 class='dt-sc-toggle-accordion '><a href='#'>&#8221;CARDIOLOGY&#8221;<\/a><\/h5><div class=\"dt-sc-toggle-content\" style=\"display: none;\"><div class=\"block\">[vc_column_text][\/vc_column_text]<\/div><\/div><h5 class='dt-sc-toggle-accordion '><a href='#'>&#8221;GENERAL<\/a><\/h5><div class=\"dt-sc-toggle-content\" style=\"display: none;\"><div class=\"block\">[vc_column_text el_class=&#8221;inherit&#8221; css=&#8221;.vc_custom_1675417800284{margin-top: 10px !important;}&#8221;][\/vc_column_text]<\/div><\/div><h5 class='dt-sc-toggle-accordion '><a href='#'>&#8221;DIET&#8221;<\/a><\/h5><div class=\"dt-sc-toggle-content\" style=\"display: none;\"><div class=\"block\">[vc_column_text]<\/p>\n<p class=\"p1\"><span class=\"s1\">La dietologia (da non confondere con dietistica, che non \u00e8 una disciplina medica) \u00e8 una specializzazione della Medicina che studia la composizione dei cibi e ed il loro utilizzo nell\u2019alimentazione a scopo sia terapeutico che preventivo. <\/span><\/p>\n<p class=\"p1\"><span class=\"s1\">La competenza della dietologia \u00e8 nell\u2019ambito della salute, piuttosto che dell\u2019estetica.<\/span><\/p>\n<p class=\"p1\"><span class=\"s1\">Il Dietologo \u00e8 quindi un medico che principalmente tratter\u00e0 patologie come obesit\u00e0, sindromi metaboliche, problemi gastrointestinali ma anche disturbi del comportamento alimentare come anoressia o bulimia. <\/span><\/p>\n<p class=\"p1\"><span class=\"s1\">Gli step principali di una visita dietologica, oltre la semplice acquisizione di peso e altezza, prevedono una valutazione della composizione corporea (massa magra, massa grassa, acqua totale), una valutazione della postura e una valutazione della condizione muscolo-scheletrica. <\/span><\/p>\n<p class=\"p2\"><span class=\"s1\">Grazie a queste informazioni e al contesto di salute del Paziente, il dietologo potr\u00e0 prescrivere una dieta corretta e personalizzata.<\/span><\/p>\n<p class=\"p3\"><span class=\"s1\">Al Poliambulatorio specialistico CEDAL sono operativi medici specialisti d\u2019eccellenza in ambito dietologico: <\/span><\/p>\n<p class=\"p2\"><span class=\"s1\"><i>Avvertenze: la visita non presenta controindicazioni n\u00e9 particolari norme di preparazione.<\/i><\/span><\/p>\n<p>[\/vc_column_text]<\/div><\/div><h5 class='dt-sc-toggle-accordion '><a href='#'>&#8221;DIABETES&#8221;<\/a><\/h5><div class=\"dt-sc-toggle-content\" style=\"display: none;\"><div class=\"block\">[vc_column_text][\/vc_column_text]<\/div><\/div><h5 class='dt-sc-toggle-accordion '><a href='#'>&#8221;DERMATOLOGY&#8221;<\/a><\/h5><div class=\"dt-sc-toggle-content\" style=\"display: none;\"><div class=\"block\">[vc_column_text][\/vc_column_text]<\/div><\/div><h5 class='dt-sc-toggle-accordion '><a href='#'>&#8221;ENDOCRINOLOGY&#8221;<\/a><\/h5><div class=\"dt-sc-toggle-content\" style=\"display: none;\"><div class=\"block\">[vc_column_text][\/vc_column_text]<\/div><\/div><h5 class='dt-sc-toggle-accordion '><a href='#'>&#8221;GASTROENTEROLOGY&#8221;<\/a><\/h5><div class=\"dt-sc-toggle-content\" style=\"display: none;\"><div class=\"block\">[vc_column_text el_class=&#8221;inherit&#8221; css=&#8221;.vc_custom_1675418017700{margin-top: 10px !important;}&#8221;][\/vc_column_text]<\/div><\/div><h5 class='dt-sc-toggle-accordion '><a href='#'>&#8221;GYNAECOLOGY&#8221;<\/a><\/h5><div class=\"dt-sc-toggle-content\" style=\"display: none;\"><div class=\"block\">[vc_column_text][\/vc_column_text]<\/div><\/div><h5 class='dt-sc-toggle-accordion '><a href='#'>&#8221;NEPHROLOGY&#8221;<\/a><\/h5><div class=\"dt-sc-toggle-content\" style=\"display: none;\"><div class=\"block\">[vc_column_text][\/vc_column_text]<\/div><\/div><h5 class='dt-sc-toggle-accordion '><a href='#'>&#8221;NEUROLOGY&#8221;<\/a><\/h5><div class=\"dt-sc-toggle-content\" style=\"display: none;\"><div class=\"block\">[vc_column_text][\/vc_column_text]<\/div><\/div><h5 class='dt-sc-toggle-accordion '><a href='#'>&#8221;OPHTHALMOLOGY&#8221;<\/a><\/h5><div class=\"dt-sc-toggle-content\" style=\"display: none;\"><div class=\"block\">[vc_column_text][\/vc_column_text]<\/div><\/div><h5 class='dt-sc-toggle-accordion '><a href='#'>&#8221;ORTHOPAEDICS<\/a><\/h5><div class=\"dt-sc-toggle-content\" style=\"display: none;\"><div class=\"block\">[vc_column_text][\/vc_column_text]<\/div><\/div><h5 class='dt-sc-toggle-accordion '><a href='#'>&#8221;ENT&#8221;<\/a><\/h5><div class=\"dt-sc-toggle-content\" style=\"display: none;\"><div class=\"block\">[vc_column_text][\/vc_column_text]<\/div><\/div><h5 class='dt-sc-toggle-accordion '><a href='#'>&#8221;PROCTOLOGY<\/a><\/h5><div class=\"dt-sc-toggle-content\" style=\"display: none;\"><div class=\"block\">[vc_column_text][\/vc_column_text]<\/div><\/div><h5 class='dt-sc-toggle-accordion '><a href='#'>&#8221;PSYCHOLOGY&#8221;<\/a><\/h5><div class=\"dt-sc-toggle-content\" style=\"display: none;\"><div class=\"block\">[vc_column_text][\/vc_column_text]<\/div><\/div><h5 class='dt-sc-toggle-accordion '><a href='#'>&#8221;SENOLOGY&#8221;<\/a><\/h5><div class=\"dt-sc-toggle-content\" style=\"display: none;\"><div class=\"block\">[vc_column_text][\/vc_column_text]<\/div><\/div><h5 class='dt-sc-toggle-accordion '><a href='#'>&#8221;UROLOGY<\/a><\/h5><div class=\"dt-sc-toggle-content\" style=\"display: none;\"><div class=\"block\">[vc_column_text][\/vc_column_text]<\/div><\/div><h5 class='dt-sc-toggle-accordion '><a href='#'>&#8221;PERSONALISED<\/a><\/h5><div class=\"dt-sc-toggle-content\" style=\"display: none;\"><div class=\"block\">[vc_column_text][\/vc_column_text]<\/div><\/div><h5 class='dt-sc-toggle-accordion '><a href='#'>&#8221;CEDAL<\/a><\/h5><div class=\"dt-sc-toggle-content\" style=\"display: none;\"><div class=\"block\">[vc_column_text]<strong><a href=\"https:\/\/cedal.net\/donne-al-cedal\/\"><span class=\"s1\">Visita la pagina dedicata &#8220;Donne al CEDAL&#8221;&gt;&gt;&gt;<\/span><\/a><\/strong>[\/vc_column_text]<\/div><\/div><\/div>[vc_empty_space][\/vc_column][\/vc_row]<\/p>\n<\/div>","protected":false},"excerpt":{"rendered":"<p>[vc_row css=&#8221;.vc_custom_1571994499708{margin-top: -25px !important;}&#8221;][vc_column width=&#8221;1\/2&#8243; css=&#8221;.vc_custom_1563274503751{margin-top: -50px !important;}&#8221;][vc_column_text] Medical Director: \u00a0Dr. Cristina Bollero [\/vc_column_text][\/vc_column][vc_column width=&#8221;1\/2&#8243; css=&#8221;.vc_custom_1563274770233{margin-top: -50px !important;}&#8221;][vc_column_text] Gallarate site: Health authorisation no. 6 of 08\/03\/1995 issued by local health authority (USL) NO. 6, Gallarate Milan site: Health authorisation no. 131 of 22\/06\/1994 issued by local health authority (USL) NO. 75\/11, Milan. [\/vc_column_text][\/vc_column][\/vc_row][vc_row css=&#8221;.vc_custom_1675420847592{border-radius: 1px [&hellip;]<\/p>\n","protected":false},"author":2,"featured_media":13346,"parent":0,"menu_order":0,"comment_status":"closed","ping_status":"closed","template":"","meta":{"_acf_changed":false,"rs_blank_template":"","rs_page_bg_color":"","slide_template_v7":"","footnotes":""},"class_list":["post-13796","page","type-page","status-publish","has-post-thumbnail","hentry"],"acf":[],"_links":{"self":[{"href":"https:\/\/cedal.net\/en\/wp-json\/wp\/v2\/pages\/13796","targetHints":{"allow":["GET"]}}],"collection":[{"href":"https:\/\/cedal.net\/en\/wp-json\/wp\/v2\/pages"}],"about":[{"href":"https:\/\/cedal.net\/en\/wp-json\/wp\/v2\/types\/page"}],"author":[{"embeddable":true,"href":"https:\/\/cedal.net\/en\/wp-json\/wp\/v2\/users\/2"}],"replies":[{"embeddable":true,"href":"https:\/\/cedal.net\/en\/wp-json\/wp\/v2\/comments?post=13796"}],"version-history":[{"count":23,"href":"https:\/\/cedal.net\/en\/wp-json\/wp\/v2\/pages\/13796\/revisions"}],"predecessor-version":[{"id":14209,"href":"https:\/\/cedal.net\/en\/wp-json\/wp\/v2\/pages\/13796\/revisions\/14209"}],"wp:featuredmedia":[{"embeddable":true,"href":"https:\/\/cedal.net\/en\/wp-json\/wp\/v2\/media\/13346"}],"wp:attachment":[{"href":"https:\/\/cedal.net\/en\/wp-json\/wp\/v2\/media?parent=13796"}],"curies":[{"name":"wp","href":"https:\/\/api.w.org\/{rel}","templated":true}]}}